{"id":80,"date":"2025-09-25T16:45:25","date_gmt":"2025-09-25T16:45:25","guid":{"rendered":"http:\/\/afprot.org\/?page_id=80"},"modified":"2025-10-29T08:32:26","modified_gmt":"2025-10-29T08:32:26","slug":"commandes","status":"publish","type":"page","link":"https:\/\/afprot.org\/index.php\/commandes\/","title":{"rendered":"Boutique"},"content":{"rendered":"\n<div class=\"wp-block-media-text is-stacked-on-mobile\"><figure class=\"wp-block-media-text__media\"><img loading=\"lazy\" decoding=\"async\" width=\"1024\" height=\"768\" src=\"http:\/\/afprot.org\/wp-content\/uploads\/2025\/09\/SachetsdAvudatienvracDec.03-1-1024x768.jpg\" alt=\"\" class=\"wp-image-72 size-full\" srcset=\"https:\/\/afprot.org\/wp-content\/uploads\/2025\/09\/SachetsdAvudatienvracDec.03-1-1024x768.jpg 1024w, https:\/\/afprot.org\/wp-content\/uploads\/2025\/09\/SachetsdAvudatienvracDec.03-1-300x225.jpg 300w, https:\/\/afprot.org\/wp-content\/uploads\/2025\/09\/SachetsdAvudatienvracDec.03-1-768x576.jpg 768w, https:\/\/afprot.org\/wp-content\/uploads\/2025\/09\/SachetsdAvudatienvracDec.03-1.jpg 1280w\" sizes=\"auto, (max-width: 1024px) 100vw, 1024px\" \/><\/figure><div class=\"wp-block-media-text__content\">\n<p>Les produits de l&#8217;Afprot sont pr\u00e9par\u00e9s par des femmes de Kpalim\u00e9 (Togo) avec la plus grande attention. Chaque sachet alimentaire est referm\u00e9 avec une bande de tissu de pagne.<\/p>\n\n\n\n<p><\/p>\n<\/div><\/div>\n\n\n\n<p>Les tarifs propos\u00e9s comprennent non seulement le co\u00fbt du produit, le packaging mais aussi la participation au co\u00fbt de l&#8217;entretien du magasin, des chambres que louent l&#8217;association \u00e0 des femmes d\u00e9munies, \u00e0 des aides pour les enfants&#8230;<\/p>\n\n\n\n<p>Commande \u00e0 adresser \u00e0 <a href=\"mailto:contact@afprot.org\">contact@afprot.org<\/a> : copier liste ci-dessous, la coller dans le corps du mail et y ajouter vos coordonn\u00e9es et le nombre de sachets d\u00e9sir\u00e9s par produit.<\/p>\n\n\n\n<p>Paiement sur facture qui vous sera envoy\u00e9e par courriel.<\/p>\n\n\n\n<pre class=\"wp-block-preformatted\">Produits          Nombre                 Prix\/u  <br>Avudati,tisane          sachet de 30g     3\u20ac<br>Citronnelle,tisane      sachet de 30g     3\u20ac<br>Plantain,chips          sachet de 100g    3\u20ac<br>Manioc,chips            sachet de 100g    3\u20ac<br>Arachides grill\u00e9es      sachet de 100g    3\u20ac<br>Arachides nougat        sachet de 100g    3\u20ac<br>Arachides pralines      sachet de 100g    3\u20ac<br>Coco caramel            sachet de 100g    3\u20ac<br>Coco grill\u00e9e            sachet de 80g     3\u20ac<br>Gingembre confit        sachet de 80g     3\u20ac<br>Gingembre pastilles     sachet de 40g     3\u20ac<br>Zow\u00e8                    sachet de 80g     3\u20ac<br>Poivre                  sachet de 50g     5\u20ac<br>Noix de muscade         sachet de 40g     3\u20ac<br>Clous de girofle        sachet de 40g     3\u20ac<br>Cannelle poudre         sachet de 30g     3\u20ac<br>Gingembre poudre        sachet de 40g     3\u20ac<br>Anis \u00e9toil\u00e9             sachet de 40g     3\u20ac<br>Beurre de karit\u00e9        pot    de 70g     10\u20ac<br>Total sachets et prix:<br><\/pre>\n\n\n\n<p>Paiement en vous adressant \u00e0  <a href=\"mailto:contact@afprot.org\">contact@afprot.org<\/a> <\/p>\n\n\n\n<p><\/p>\n","protected":false},"excerpt":{"rendered":"<p>Les produits de l&#8217;Afprot sont pr\u00e9par\u00e9s par des femmes de Kpalim\u00e9 (Togo) avec la plus grande attention. Chaque sachet alimentaire est referm\u00e9 avec une bande de tissu de pagne. Les tarifs propos\u00e9s comprennent non seulement le co\u00fbt du produit, le packaging mais aussi la participation au co\u00fbt de l&#8217;entretien du magasin, des chambres que louent [&hellip;]<\/p>\n","protected":false},"author":1,"featured_media":0,"parent":0,"menu_order":0,"comment_status":"closed","ping_status":"closed","template":"","meta":{"footnotes":""},"class_list":["post-80","page","type-page","status-publish","hentry"],"_links":{"self":[{"href":"https:\/\/afprot.org\/index.php\/wp-json\/wp\/v2\/pages\/80","targetHints":{"allow":["GET"]}}],"collection":[{"href":"https:\/\/afprot.org\/index.php\/wp-json\/wp\/v2\/pages"}],"about":[{"href":"https:\/\/afprot.org\/index.php\/wp-json\/wp\/v2\/types\/page"}],"author":[{"embeddable":true,"href":"https:\/\/afprot.org\/index.php\/wp-json\/wp\/v2\/users\/1"}],"replies":[{"embeddable":true,"href":"https:\/\/afprot.org\/index.php\/wp-json\/wp\/v2\/comments?post=80"}],"version-history":[{"count":11,"href":"https:\/\/afprot.org\/index.php\/wp-json\/wp\/v2\/pages\/80\/revisions"}],"predecessor-version":[{"id":178,"href":"https:\/\/afprot.org\/index.php\/wp-json\/wp\/v2\/pages\/80\/revisions\/178"}],"wp:attachment":[{"href":"https:\/\/afprot.org\/index.php\/wp-json\/wp\/v2\/media?parent=80"}],"curies":[{"name":"wp","href":"https:\/\/api.w.org\/{rel}","templated":true}]}}