{"id":39,"date":"2025-09-25T08:08:17","date_gmt":"2025-09-25T08:08:17","guid":{"rendered":"http:\/\/afprot.org\/?page_id=39"},"modified":"2025-09-27T09:42:07","modified_gmt":"2025-09-27T09:42:07","slug":"produits-afprot-togo","status":"publish","type":"page","link":"https:\/\/afprot.org\/index.php\/produits-afprot-togo\/","title":{"rendered":"Produits du terroir togolais"},"content":{"rendered":"\n<div class=\"wp-block-group alignfull has-global-padding is-layout-constrained wp-block-group-is-layout-constrained\" style=\"margin-top:0;margin-bottom:0;padding-top:var(--wp--preset--spacing--50);padding-bottom:var(--wp--preset--spacing--50)\">\n<div class=\"wp-block-columns alignwide is-layout-flex wp-container-core-columns-is-layout-47c06fe3 wp-block-columns-is-layout-flex\">\n<div class=\"wp-block-column is-layout-flow wp-block-column-is-layout-flow\" style=\"flex-basis:56%\">\n<figure class=\"wp-block-image size-full\"><img loading=\"lazy\" decoding=\"async\" width=\"780\" height=\"585\" src=\"http:\/\/afprot.org\/wp-content\/uploads\/2025\/09\/Sachet-avoudati.jpg\" alt=\"\" class=\"wp-image-70\" srcset=\"https:\/\/afprot.org\/wp-content\/uploads\/2025\/09\/Sachet-avoudati.jpg 780w, https:\/\/afprot.org\/wp-content\/uploads\/2025\/09\/Sachet-avoudati-300x225.jpg 300w, https:\/\/afprot.org\/wp-content\/uploads\/2025\/09\/Sachet-avoudati-768x576.jpg 768w\" sizes=\"auto, (max-width: 780px) 100vw, 780px\" \/><\/figure>\n\n\n\n<p>Selon la tradition locale les vertus d\u2019Avoudati ont \u00e9t\u00e9 r\u00e9v\u00e9l\u00e9es aux chasseurs qui, au cours de leur exp\u00e9dition &nbsp;nocturne, &nbsp;\u00e9coutent les herbes leur parler \u00e0 l\u2019oreille &nbsp;et &nbsp;observent les &nbsp;animaux &nbsp;malades qui savent &nbsp;trouver la &nbsp;plante qui peut les gu\u00e9rir\u2026<br>\u00ab&nbsp;Ainsi le serpent trouve la plante qui va gu\u00e9rir le cam\u00e9l\u00e9on bless\u00e9&nbsp;\u00bb<\/p>\n<\/div>\n\n\n\n<div class=\"wp-block-column is-vertically-aligned-center is-layout-flow wp-container-core-column-is-layout-119bc444 wp-block-column-is-layout-flow\">\n<h2 class=\"wp-block-heading\"><strong><u><mark style=\"background-color:rgba(0, 0, 0, 0)\" class=\"has-inline-color has-accent-3-color\">La tisane Avoudati<\/mark><\/u><\/strong><\/h2>\n\n\n\n<p>Produit embl\u00e9matique de l&#8217;association Afprot<\/p>\n\n\n\n<p><\/p>\n\n\n\n<p><a href=\"http:\/\/www.asnapp.org\/images\/Lippia%20flowers%203.jpg\"><\/a>\u2018La plante qui met la paix entre la maladie et l\u2019homme\u2019<\/p>\n\n\n\n<p><strong><u>Existe en sachets de<\/u><\/strong>&nbsp; <strong>30g&nbsp;                          3 Euro<\/strong>*<\/p>\n\n\n\n<p><strong><u>NOM latin<\/u><\/strong> <em>Lippia multiflora<\/em><\/p>\n\n\n\n<p><strong><u>Famille<\/u><\/strong>&nbsp; Dicotyl\u00e9dones<\/p>\n\n\n\n<p>L\u2019Avudati est abondant \u00e0 l\u2019\u00e9tat sauvage sur le plateau de Danyi au Togo. Les villageois ont de tout temps appr\u00e9ci\u00e9 son ar\u00f4me exceptionnel et ses nombreuses vertus m\u00e9dicinales. Ils l\u2019utilisent aussi pour la cuisson de la viande.<\/p>\n\n\n\n<p>* Voir indications dans la <a href=\"https:\/\/afprot.org\/index.php\/commandes\/\" data-type=\"page\" data-id=\"80\">boutique<\/a><\/p>\n\n\n\n<div class=\"wp-block-buttons is-layout-flex wp-block-buttons-is-layout-flex\">\n<div class=\"wp-block-button\"><a class=\"wp-block-button__link wp-element-button\" href=\"https:\/\/afprot.org\/index.php\/afprot-togo-france\/\">En savoir plus<\/a><\/div>\n<\/div>\n<\/div>\n<\/div>\n<\/div>\n\n\n\n<div class=\"wp-block-group alignfull has-global-padding is-layout-constrained wp-block-group-is-layout-constrained\" style=\"margin-top:0;margin-bottom:0;padding-top:var(--wp--preset--spacing--50);padding-bottom:var(--wp--preset--spacing--50)\">\n<div class=\"wp-block-group alignwide is-layout-grid wp-container-core-group-is-layout-840b37f5 wp-block-group-is-layout-grid\">\n<div class=\"wp-block-group is-vertical is-layout-flex wp-container-core-group-is-layout-d6b9ab57 wp-block-group-is-layout-flex\">\n<h2 class=\"wp-block-heading has-x-large-font-size\">Autres produits<\/h2>\n<\/div>\n\n\n\n<div class=\"wp-block-group is-vertical is-content-justification-stretch is-layout-flex wp-container-core-group-is-layout-353c4f5a wp-block-group-is-layout-flex\">\n<figure class=\"wp-block-image size-full\"><img loading=\"lazy\" decoding=\"async\" width=\"800\" height=\"600\" src=\"http:\/\/afprot.org\/wp-content\/uploads\/2025\/09\/Sachet-Arachides.jpg\" alt=\"\" class=\"wp-image-68\" srcset=\"https:\/\/afprot.org\/wp-content\/uploads\/2025\/09\/Sachet-Arachides.jpg 800w, https:\/\/afprot.org\/wp-content\/uploads\/2025\/09\/Sachet-Arachides-300x225.jpg 300w, https:\/\/afprot.org\/wp-content\/uploads\/2025\/09\/Sachet-Arachides-768x576.jpg 768w\" sizes=\"auto, (max-width: 800px) 100vw, 800px\" \/><\/figure>\n\n\n\n<p class=\"has-text-align-center\">Arachides <\/p>\n<\/div>\n\n\n\n<div class=\"wp-block-group is-vertical is-content-justification-stretch is-layout-flex wp-container-core-group-is-layout-353c4f5a wp-block-group-is-layout-flex\">\n<figure class=\"wp-block-image size-full\"><img loading=\"lazy\" decoding=\"async\" width=\"850\" height=\"638\" src=\"http:\/\/afprot.org\/wp-content\/uploads\/2025\/09\/Sachet-Chips-Bananes-plantains.jpg\" alt=\"\" class=\"wp-image-71\" srcset=\"https:\/\/afprot.org\/wp-content\/uploads\/2025\/09\/Sachet-Chips-Bananes-plantains.jpg 850w, https:\/\/afprot.org\/wp-content\/uploads\/2025\/09\/Sachet-Chips-Bananes-plantains-300x225.jpg 300w, https:\/\/afprot.org\/wp-content\/uploads\/2025\/09\/Sachet-Chips-Bananes-plantains-768x576.jpg 768w\" sizes=\"auto, (max-width: 850px) 100vw, 850px\" \/><\/figure>\n\n\n\n<p class=\"has-text-align-center\">Bananes plantain<\/p>\n<\/div>\n\n\n\n<div class=\"wp-block-group is-vertical is-content-justification-stretch is-layout-flex wp-container-core-group-is-layout-353c4f5a wp-block-group-is-layout-flex\">\n<figure class=\"wp-block-image size-full\"><img loading=\"lazy\" decoding=\"async\" width=\"779\" height=\"585\" src=\"http:\/\/afprot.org\/wp-content\/uploads\/2025\/09\/Noix-de-coco-rapee.jpg\" alt=\"\" class=\"wp-image-65\" srcset=\"https:\/\/afprot.org\/wp-content\/uploads\/2025\/09\/Noix-de-coco-rapee.jpg 779w, https:\/\/afprot.org\/wp-content\/uploads\/2025\/09\/Noix-de-coco-rapee-300x225.jpg 300w, https:\/\/afprot.org\/wp-content\/uploads\/2025\/09\/Noix-de-coco-rapee-768x577.jpg 768w\" sizes=\"auto, (max-width: 779px) 100vw, 779px\" \/><\/figure>\n\n\n\n<p class=\"has-text-align-center\">Coco caram\u00e9lis\u00e9<\/p>\n<\/div>\n<\/div>\n<\/div>\n\n\n\n<div class=\"wp-block-group alignfull has-global-padding is-layout-constrained wp-block-group-is-layout-constrained\">\n<div class=\"wp-block-group alignfull has-global-padding is-layout-constrained wp-block-group-is-layout-constrained\" style=\"margin-top:0;margin-bottom:0;padding-top:var(--wp--preset--spacing--50);padding-bottom:var(--wp--preset--spacing--50)\">\n<div class=\"wp-block-group alignwide is-layout-grid wp-container-core-group-is-layout-21f393a4 wp-block-group-is-layout-grid\">\n<div class=\"wp-block-group is-style-section-3 has-global-padding is-layout-constrained wp-block-group-is-layout-constrained is-style-section-3--1\" style=\"min-height:297px\">\n<div class=\"wp-block-group is-vertical is-content-justification-center is-layout-flex wp-container-core-group-is-layout-4aa192bb wp-block-group-is-layout-flex\" style=\"min-height:100%\">\n<h2 class=\"wp-block-heading has-large-font-size\">LES ARACHIDES<\/h2>\n\n\n\n<p class=\"has-text-align-center has-medium-font-size\">Les meilleures du monde!<\/p>\n<\/div>\n<\/div>\n\n\n\n<p><strong><u>Arachides<\/u> : Tant sucr\u00e9es que sal\u00e9es\u00a0: petites, elles sont un plaisir pour les papilles.                    <u>NOM COMMUN<\/u>\u00a0: <\/strong>Arachides, Cacahu\u00e8tes <strong><u>NOM latin<\/u><\/strong>\u00a0: <em>Arachis hypogaea<\/em><\/p>\n\n\n\n<p><strong><u>Arachides grill\u00e9es<\/u><\/strong>&nbsp;: Selon la tradition locale, les arachides sont \u00e9pluch\u00e9es par frottement, tremp\u00e9es dans de l\u2019eau sal\u00e9e puis s\u00e9ch\u00e9es et grill\u00e9es avec du sable dans un grand plat de terre.<\/p>\n\n\n\n<p><strong><u>Nougat d\u2019arachides&nbsp;:<\/u><\/strong> Recette traditionnelle africaine&nbsp;: Sa texture granuleuse et son go\u00fbt caram\u00e9lis\u00e9 sont irr\u00e9sistibles et in\u00e9dits.<\/p>\n\n\n\n<figure class=\"wp-block-image size-full\"><img loading=\"lazy\" decoding=\"async\" width=\"898\" height=\"674\" src=\"http:\/\/afprot.org\/wp-content\/uploads\/2025\/09\/Nougat-darachides.jpg\" alt=\"\" class=\"wp-image-66\" srcset=\"https:\/\/afprot.org\/wp-content\/uploads\/2025\/09\/Nougat-darachides.jpg 898w, https:\/\/afprot.org\/wp-content\/uploads\/2025\/09\/Nougat-darachides-300x225.jpg 300w, https:\/\/afprot.org\/wp-content\/uploads\/2025\/09\/Nougat-darachides-768x576.jpg 768w\" sizes=\"auto, (max-width: 898px) 100vw, 898px\" \/><\/figure>\n\n\n\n<figure class=\"wp-block-image size-full\"><img loading=\"lazy\" decoding=\"async\" width=\"1080\" height=\"1080\" src=\"https:\/\/afprot.org\/wp-content\/uploads\/2025\/09\/main-citronnelle-1-1.jpg\" alt=\"\" class=\"wp-image-153\" srcset=\"https:\/\/afprot.org\/wp-content\/uploads\/2025\/09\/main-citronnelle-1-1.jpg 1080w, https:\/\/afprot.org\/wp-content\/uploads\/2025\/09\/main-citronnelle-1-1-300x300.jpg 300w, https:\/\/afprot.org\/wp-content\/uploads\/2025\/09\/main-citronnelle-1-1-1024x1024.jpg 1024w, https:\/\/afprot.org\/wp-content\/uploads\/2025\/09\/main-citronnelle-1-1-150x150.jpg 150w, https:\/\/afprot.org\/wp-content\/uploads\/2025\/09\/main-citronnelle-1-1-768x768.jpg 768w\" sizes=\"auto, (max-width: 1080px) 100vw, 1080px\" \/><\/figure>\n\n\n\n<figure class=\"wp-block-image size-full\"><img loading=\"lazy\" decoding=\"async\" width=\"201\" height=\"251\" src=\"http:\/\/afprot.org\/wp-content\/uploads\/2025\/09\/Gingembre-3.jpg\" alt=\"\" class=\"wp-image-155\" style=\"aspect-ratio:1;object-fit:cover\"\/><\/figure>\n\n\n\n<figure class=\"wp-block-image size-full\"><img loading=\"lazy\" decoding=\"async\" width=\"225\" height=\"225\" src=\"http:\/\/afprot.org\/wp-content\/uploads\/2025\/09\/Poivre-1.jpg\" alt=\"\" class=\"wp-image-156\" style=\"aspect-ratio:1;object-fit:cover\" srcset=\"https:\/\/afprot.org\/wp-content\/uploads\/2025\/09\/Poivre-1.jpg 225w, https:\/\/afprot.org\/wp-content\/uploads\/2025\/09\/Poivre-1-150x150.jpg 150w\" sizes=\"auto, (max-width: 225px) 100vw, 225px\" \/><\/figure>\n<\/div>\n<\/div>\n<\/div>\n\n\n\n<p><\/p>\n","protected":false},"excerpt":{"rendered":"<p>Selon la tradition locale les vertus d\u2019Avoudati ont \u00e9t\u00e9 r\u00e9v\u00e9l\u00e9es aux chasseurs qui, au cours de leur exp\u00e9dition &nbsp;nocturne, &nbsp;\u00e9coutent les herbes leur parler \u00e0 l\u2019oreille &nbsp;et &nbsp;observent les &nbsp;animaux &nbsp;malades qui savent &nbsp;trouver la &nbsp;plante qui peut les gu\u00e9rir\u2026\u00ab&nbsp;Ainsi le serpent trouve la plante qui va gu\u00e9rir le cam\u00e9l\u00e9on bless\u00e9&nbsp;\u00bb La tisane Avoudati Produit [&hellip;]<\/p>\n","protected":false},"author":1,"featured_media":0,"parent":0,"menu_order":0,"comment_status":"closed","ping_status":"closed","template":"","meta":{"footnotes":""},"class_list":["post-39","page","type-page","status-publish","hentry"],"_links":{"self":[{"href":"https:\/\/afprot.org\/index.php\/wp-json\/wp\/v2\/pages\/39","targetHints":{"allow":["GET"]}}],"collection":[{"href":"https:\/\/afprot.org\/index.php\/wp-json\/wp\/v2\/pages"}],"about":[{"href":"https:\/\/afprot.org\/index.php\/wp-json\/wp\/v2\/types\/page"}],"author":[{"embeddable":true,"href":"https:\/\/afprot.org\/index.php\/wp-json\/wp\/v2\/users\/1"}],"replies":[{"embeddable":true,"href":"https:\/\/afprot.org\/index.php\/wp-json\/wp\/v2\/comments?post=39"}],"version-history":[{"count":8,"href":"https:\/\/afprot.org\/index.php\/wp-json\/wp\/v2\/pages\/39\/revisions"}],"predecessor-version":[{"id":174,"href":"https:\/\/afprot.org\/index.php\/wp-json\/wp\/v2\/pages\/39\/revisions\/174"}],"wp:attachment":[{"href":"https:\/\/afprot.org\/index.php\/wp-json\/wp\/v2\/media?parent=39"}],"curies":[{"name":"wp","href":"https:\/\/api.w.org\/{rel}","templated":true}]}}