{"id":138,"date":"2025-09-26T13:51:42","date_gmt":"2025-09-26T13:51:42","guid":{"rendered":"https:\/\/afprot.org\/?page_id=138"},"modified":"2025-09-26T13:51:42","modified_gmt":"2025-09-26T13:51:42","slug":"succes-sion-story","status":"publish","type":"page","link":"https:\/\/afprot.org\/index.php\/succes-sion-story\/","title":{"rendered":"Succes-sion story"},"content":{"rendered":"\n<div class=\"wp-block-media-text is-stacked-on-mobile\"><figure class=\"wp-block-media-text__media\"><img loading=\"lazy\" decoding=\"async\" width=\"274\" height=\"300\" src=\"http:\/\/afprot.org\/wp-content\/uploads\/2025\/09\/Carte-Togo.jpg\" alt=\"\" class=\"wp-image-106 size-full\"\/><\/figure><div class=\"wp-block-media-text__content\">\n<p>Depuis les d\u00e9c\u00e8s d&#8217;Eli Agbobli puis de Dominique de Pury, une \u00e9quipe togolaise a repris le relais autour de Gladys Mana Vewonyi et d&#8217;Edem et pr\u00e9parent les commandes sur place \u00e0 Kpalim\u00e9. En France et en Suisse, la famille de Dominique ainsi que quelques amies pr\u00e9voient regroupent les commandes, les re\u00e7oivent et les distribuent autour d&#8217;elles, essentiellement sur Aix-en-Provence, Aubagne et en Suisse.<\/p>\n<\/div><\/div>\n","protected":false},"excerpt":{"rendered":"<p>Depuis les d\u00e9c\u00e8s d&#8217;Eli Agbobli puis de Dominique de Pury, une \u00e9quipe togolaise a repris le relais autour de Gladys Mana Vewonyi et d&#8217;Edem et pr\u00e9parent les commandes sur place \u00e0 Kpalim\u00e9. En France et en Suisse, la famille de Dominique ainsi que quelques amies pr\u00e9voient regroupent les commandes, les re\u00e7oivent et les distribuent autour [&hellip;]<\/p>\n","protected":false},"author":1,"featured_media":0,"parent":0,"menu_order":0,"comment_status":"closed","ping_status":"closed","template":"","meta":{"footnotes":""},"class_list":["post-138","page","type-page","status-publish","hentry"],"_links":{"self":[{"href":"https:\/\/afprot.org\/index.php\/wp-json\/wp\/v2\/pages\/138","targetHints":{"allow":["GET"]}}],"collection":[{"href":"https:\/\/afprot.org\/index.php\/wp-json\/wp\/v2\/pages"}],"about":[{"href":"https:\/\/afprot.org\/index.php\/wp-json\/wp\/v2\/types\/page"}],"author":[{"embeddable":true,"href":"https:\/\/afprot.org\/index.php\/wp-json\/wp\/v2\/users\/1"}],"replies":[{"embeddable":true,"href":"https:\/\/afprot.org\/index.php\/wp-json\/wp\/v2\/comments?post=138"}],"version-history":[{"count":1,"href":"https:\/\/afprot.org\/index.php\/wp-json\/wp\/v2\/pages\/138\/revisions"}],"predecessor-version":[{"id":139,"href":"https:\/\/afprot.org\/index.php\/wp-json\/wp\/v2\/pages\/138\/revisions\/139"}],"wp:attachment":[{"href":"https:\/\/afprot.org\/index.php\/wp-json\/wp\/v2\/media?parent=138"}],"curies":[{"name":"wp","href":"https:\/\/api.w.org\/{rel}","templated":true}]}}