{"id":121,"date":"2025-09-26T12:57:14","date_gmt":"2025-09-26T12:57:14","guid":{"rendered":"https:\/\/afprot.org\/?page_id=121"},"modified":"2025-09-26T13:07:18","modified_gmt":"2025-09-26T13:07:18","slug":"dominique-et-eli","status":"publish","type":"page","link":"https:\/\/afprot.org\/index.php\/dominique-et-eli\/","title":{"rendered":"Dominique et Eli"},"content":{"rendered":"\n<div class=\"wp-block-media-text alignfull is-stacked-on-mobile is-vertically-aligned-center\"><figure class=\"wp-block-media-text__media\"><img loading=\"lazy\" decoding=\"async\" width=\"1024\" height=\"669\" src=\"http:\/\/afprot.org\/wp-content\/uploads\/2025\/09\/2004-Eli-et-Dom-en-vacances-en-France-1-1024x669.jpg\" alt=\"\" class=\"wp-image-103 size-full\" srcset=\"https:\/\/afprot.org\/wp-content\/uploads\/2025\/09\/2004-Eli-et-Dom-en-vacances-en-France-1-1024x669.jpg 1024w, https:\/\/afprot.org\/wp-content\/uploads\/2025\/09\/2004-Eli-et-Dom-en-vacances-en-France-1-300x196.jpg 300w, https:\/\/afprot.org\/wp-content\/uploads\/2025\/09\/2004-Eli-et-Dom-en-vacances-en-France-1-768x502.jpg 768w, https:\/\/afprot.org\/wp-content\/uploads\/2025\/09\/2004-Eli-et-Dom-en-vacances-en-France-1-1536x1004.jpg 1536w, https:\/\/afprot.org\/wp-content\/uploads\/2025\/09\/2004-Eli-et-Dom-en-vacances-en-France-1-2048x1338.jpg 2048w\" sizes=\"auto, (max-width: 1024px) 100vw, 1024px\" \/><\/figure><div class=\"wp-block-media-text__content\">\n<p>Dominique de Pury, n\u00e9e le 20 avril 1933, en vivant au Togo pr\u00e8s de 40 ans, depuis 1961, dans ce pays tout juste ind\u00e9pendant, puis en effectuant des allers-retours entre la France et le Togo jusqu\u2019au d\u00e9c\u00e8s de son amie \u00c9li Agbobli en 2021, avait toutes les qualit\u00e9s requises pour cr\u00e9er des jardins d&#8217;enfants puis l&#8217;Ecole Normale d&#8217;Institutrices de Jardins d&#8217;enfants (ENIJE).<\/p>\n\n\n\n<p>Elle l\u2019a v\u00e9cu sa mission dans la simplicit\u00e9 et l\u2019humilit\u00e9 d\u2019une servante de J\u00e9sus-Christ, ouverte \u00e0 la richesse humaine et avec une conviction centrale\u00a0: les enfants, m\u00eame les plus petits, sont des personnes qui m\u00e9ritent attention, amour dans le respect de leur personnalit\u00e9, en leur offrant la libert\u00e9 d\u2019esprit et les d\u00e9couvertes pour les apprentissages. Il faut noter l\u2019exceptionnalit\u00e9 de ce minist\u00e8re au b\u00e9n\u00e9fice des tout-petits\u00a0: \u00e0 notre connaissance, ce domaine d\u2019engagement n\u2019a pas d\u2019\u00e9quivalent dans l\u2019histoire de la Mission.<\/p>\n<\/div><\/div>\n\n\n\n<p><strong><a>T\u00e9moignage<\/a><a href=\"#_ftn1\" id=\"_ftnref1\">[1]<\/a> de Dominique de Pury et d\u2019\u00c9li Mawuli Agbobli\u00a0: une amiti\u00e9 au long cours, confort\u00e9e par la m\u00eame foi chr\u00e9tienne.<\/strong><\/p>\n\n\n\n<p>Nous sommes conscientes que si tant de jardins d\u2019enfants ont pu s\u2019ouvrir, que si tant de petits enfants ont pu s\u2019\u00e9panouir, dans la joie, pendant ces 35 ann\u00e9es et encore maintenant, <strong>c\u2019est parce que nous \u00e9tions deux, et que nous avons tout fait ensemble.<\/strong>Et nous sommes aussi bien conscientes que si cette collaboration \u00e9troite a \u00e9t\u00e9 possible, si longtemps, c\u2019est vraiment par l\u2019effet de la gr\u00e2ce de Dieu.<\/p>\n\n\n\n<p>Devant des t\u00e2ches qui nous semblaient impossibles, ou des situations de conflit et d\u2019incompr\u00e9hension, ou devant des moments de d\u00e9couragement, nous avons pu tout partager et pendant toutes ces ann\u00e9es, nous avons \u00e9t\u00e9 port\u00e9es par des Paroles telles que <em>\u00ab&nbsp;Ne crains pas, car Je suis avec toi&nbsp;\u00bb <\/em>(\u00c9sa\u00efe 43,5), <em>\u00ab&nbsp;L\u2019\u00c9ternel donne la force \u00e0 celui qui est fatigu\u00e9&nbsp;\u00bb<\/em> (\u00c9sa\u00efe 40,29), <em>\u00ab&nbsp;Ma gr\u00e2ce te suffit, Ce n\u2019est plus moi qui vis, c\u2019est Christ qui vit en moi&nbsp;\u00bb <\/em>Galates 2,20)<em>.<\/em> Nous disons notre immense reconnaissance \u00e0 Dieu pour toutes ces ann\u00e9es et Lui donnons toute la Gloire&nbsp;!<\/p>\n\n\n\n<h3 class=\"wp-block-heading\"><a><\/a><a><\/a><a><\/a><a><strong>Dominique de PURY<\/strong><\/a><a href=\"#_ftn2\" id=\"_ftnref2\"><strong>[2]<\/strong><\/a><\/h3>\n\n\n\n<p><strong>Dominique, c\u2019est d\u2019abord une pr\u00e9sence.<\/strong><\/p>\n\n\n\n<p>Il faut dire que la tendresse et la patience de la <em>Tante Grand-m\u00e8re<\/em> \u00e0 l\u2019\u00e9gard des enfants sont assez peu communes. Toute sa vie, ils ont \u00e9t\u00e9 sa passion et sa joie. Au Togo, elle \u00e9tait <em>Davigan<\/em>, grande petite maman. (\u2026) Et dire qu\u2019on pourrait passer \u00e0 c\u00f4t\u00e9 d\u2019elle sans la voir&nbsp;! Non, pas vraiment. Il vaudrait mieux dire&nbsp;: sans la rencontrer. Sa silhouette \u00e9lanc\u00e9e, ses tissus togolais, son chignon d\u2019o\u00f9 s\u2019\u00e9chappent quelques m\u00e8ches rebelles, son regard surtout, ce regard qui \u00e9coute, ne sauraient passer inaper\u00e7us.<\/p>\n\n\n\n<p><strong>Ferme et droit<\/strong><\/p>\n\n\n\n<p>Mais effac\u00e9e, discr\u00e8te, elle prend rarement la parole. Jamais sans avoir longuement pens\u00e9 une r\u00e9ponse qui se fait attendre. M\u00fbrie dans le silence, courtoise mais sans compromission, celle-ci jaillit enfin apr\u00e8s un long fr\u00e9missement des l\u00e8vres, trahissant une \u00e9motivit\u00e9 sous contr\u00f4le. <em>Ferme et droit<\/em>, la devise de la famille de Pury lui va comme un gant. [\u2026] \u00ab\u00a0C\u2019est une reine\u00a0\u00bb, d\u00e9clare son fr\u00e8re et voisin, Pascal<a href=\"#_ftn3\" id=\"_ftnref3\">[3]<\/a>. Faisant \u00e9cho \u00e0 ce que leur p\u00e8re, le pasteur Roland de Pury<a href=\"#_ftn4\" id=\"_ftnref4\">[4]<\/a>, \u00e9crivait de sa fille de 3 ans\u00a0: \u00ab\u00a0Dominique est impayable. Quand elle est tant soit peu contrari\u00e9e, elle prend des airs d\u2019imp\u00e9ratrice en col\u00e8re, vous regarde fixement en brandissant l\u2019index\u00a0: Tu oua oua (tu vas voir\u00a0!)\u00a0\u00bb. Mais le temps a pass\u00e9 et Marjolaine, sa jeune soeur, constate\u00a0: \u00ab\u00a0Avant elle \u00e9tait s\u00e9v\u00e8re et rigide. Maintenant elle est devenue douce. Elle est un lien dans la famille\u00a0\u00bb.<\/p>\n\n\n\n<p><strong>Ensemble<\/strong><\/p>\n\n\n\n<p>\u00c9li a \u00e9t\u00e9 son ins\u00e9parable compagne, au Togo, pendant trente-cinq ans. Attel\u00e9es toutes deux \u00e0 la m\u00eame mission, elles se sont donn\u00e9es corps et \u00e2me \u00e0 l\u2019\u00e9ducation des tout-petits. [\u2026] Ensemble, ce mot revient souvent sur les l\u00e8vres de Dominique. C\u2019est le mot-cl\u00e9 de la mission que, par ailleurs, elle se refuse \u00e0 d\u00e9finir. [\u2026] \u00ab&nbsp;J\u2019esp\u00e8re simplement avoir \u00e9t\u00e9 dans le Plan de Dieu sur moi, et sur les autres \u00e0 travers moi. Il faut qu\u2019Il puisse m\u2019utiliser comme Il veut. J\u2019ai toujours eu l\u2019impression d\u2019\u00eatre incapable d\u2019accomplir ce qu\u2019Il me demandait. Finalement Il a fait ce qu\u2019Il voulait, car j\u2019ai trouv\u00e9 sur mon chemin des gens disponibles pour qu\u2019on puisse faire des choses ensemble.&nbsp;\u00bb<\/p>\n\n\n\n<p><strong>\u00ab&nbsp;Ma gr\u00e2ce te suffit&nbsp;\u00bb<\/strong><\/p>\n\n\n\n<p>La retraite venue, c\u00e9libataire, Dominique n\u2019a pas l\u2019impression d\u2019avoir oubli\u00e9 sa vie personnelle pour la mission. \u00ab&nbsp;Ma vie a \u00e9t\u00e9 tellement pleine&nbsp;! J\u2019ai trouv\u00e9 des centaines d\u2019amis et des milliers d\u2019enfants\u2026 Reste ce besoin naturel de compter pour quelqu\u2019un. Je l\u2019ai ressenti apr\u00e8s la mort de mes parents. Je me suis sentie orpheline&nbsp;: je n\u2019avais plus personne. Alors une Parole a chass\u00e9 ma tristesse&nbsp;: \u00ab&nbsp;Ma gr\u00e2ce te suffit&nbsp;!&nbsp;\u00bb. Le Seigneur, c\u2019est solide, Il est toujours l\u00e0, plus pr\u00e9sent, m\u00eame qu\u2019un p\u00e8re ou une m\u00e8re.&nbsp;\u00bb Dominique se tait et son regard bleu se perd sur les collines. Dans le silence, le chant des cigales se fait plus intense. La brise du soir apporte un parfum de lavande et de thym. Gorg\u00e9e de soleil, la terre chante la gloire de son cr\u00e9ateur. \u00ab&nbsp;Dieu est. Cela suffit.&nbsp;\u00bb<\/p>\n\n\n\n<hr class=\"wp-block-separator has-alpha-channel-opacity\"\/>\n\n\n\n<p><a href=\"#_ftnref1\" id=\"_ftn1\">[1]<\/a> Citation du document manuscrit d\u2019\u00c9li et Dominique pour une intervention \u00e0 Aix-en-Provence au temple ERF de la rue Villars, le 8 juin 1999.<\/p>\n\n\n\n<p><a href=\"#_ftnref2\" id=\"_ftn2\">[2]<\/a> Extraits de Dominique de Pury, \u00ab&nbsp;Mission et \u00e9ducation&nbsp;\u00bb, dans la revue <em>MISSION<\/em>, mensuel protestant de mission et de relations internationales, D\u00e9fap, d\u00e9cembre 1999\/n<sup>o<\/sup>&nbsp;98, p.&nbsp;9-10. Auteur&nbsp;: Odile Delcambre.<\/p>\n\n\n\n<p><a href=\"#_ftnref3\" id=\"_ftn3\">[3]<\/a> Fr\u00e8re a\u00een\u00e9, tr\u00e8s proche de Dominique.<\/p>\n\n\n\n<p><a href=\"#_ftnref4\" id=\"_ftn4\">[4]<\/a> Roland de Pury, n\u00e9 le 15 novembre 1907 \u00e0 Neuch\u00e2tel (Suisse) et mort le 24 janvier 1979 dans le 1<sup>er<\/sup> arrondissement de Lyon, est un pasteur protestant suisse, connu pour son engagement en faveur des Juifs lors de la Seconde Guerre mondiale.<\/p>\n\n\n\n<h3 class=\"wp-block-heading\"><a><\/a><a><\/a><a><\/a><a><\/a><a><\/a><a><\/a><a><\/a><a><strong>\u00c9lisabeth Mawuli AGBOBLI<\/strong><\/a><a href=\"#_ftn1\" id=\"_ftnref1\"><strong>[1]<\/strong><\/a><\/h3>\n\n\n\n<p>\u00ab&nbsp;Je suis n\u00e9e dans une famille chr\u00e9tienne, dans un village de la montagne d\u2019Agou. J\u2019ai re\u00e7u une \u00e9ducation chr\u00e9tienne \u00e0 la maison, \u00e0 l\u2019\u00e9cole \u00e9w\u00e9 pendant trois ans. Ensuite mes parents m\u2019ont envoy\u00e9e \u00e0 l\u2019\u00e9cole de fran\u00e7ais de l\u2019\u00c9glise dans un village de l\u2019autre c\u00f4t\u00e9 de la montagne.<\/p>\n\n\n\n<p>C\u2019\u00e9tait tr\u00e8s dur. Il fallait se lever tr\u00e8s t\u00f4t, avant le jour, pr\u00e9parer le repas \u00e0 emporter, monter et descendre \u00e0 travers la for\u00eat et revenir le soir tr\u00e8s tard dans la nuit<a href=\"#_ftn2\" id=\"_ftnref2\">[2]<\/a>. Les ma\u00eetres \u00e9taient tr\u00e8s s\u00e9v\u00e8res. Ils nous battaient beaucoup. C\u2019est gr\u00e2ce aux encouragements et \u00e0 la fermet\u00e9 de mes parents que j\u2019ai r\u00e9ussi \u00e0 aller jusqu\u2019au bout. Ensuite, j\u2019ai fait l\u2019\u00e9cole m\u00e9nag\u00e8re \u00e0 LOM\u00c9 pendant deux ans puis j\u2019ai \u00e9t\u00e9 engag\u00e9e dans l\u2019enseignement \u00e0 l\u2019\u00e9cole primaire \u00e9vang\u00e9lique. J\u2019encadrais aussi les \u00e9claireuses (scoutisme).<\/p>\n\n\n\n<p>C\u2019est alors que l\u2019\u00c9glise m\u2019a demand\u00e9 en 1964 d\u2019aller travailler avec Dominique de Pury \u00e0 Kpalim\u00e9. C\u2019\u00e9tait tr\u00e8s difficile d\u2019accepter pour moi, d\u2019accepter cette d\u00e9cision, de quitter mes amies et aller travailler avec une \u00e9trang\u00e8re que je ne connaissais pas. Mais le Mod\u00e9rateur et ses collaborateurs m\u2019ont encourag\u00e9e \u00e0 essayer. En octobre 1964, j\u2019ai d\u00e9m\u00e9nag\u00e9 pour venir habiter et travailler avec Dominique. Je ne savais m\u00eame pas comment l\u2019appeler.&nbsp;\u00bb \u00c9li AGBOBLI est d\u00e9c\u00e9d\u00e9e le 30 ao\u00fbt 2021 au Togo, \u00e0 l\u2019\u00e2ge de 86 ans.<\/p>\n\n\n\n<hr class=\"wp-block-separator has-alpha-channel-opacity\"\/>\n\n\n\n<p><a href=\"#_ftnref1\" id=\"_ftn1\">[1]<\/a> Citation du document manuscrit d\u2019\u00c9li et Dominique pour une intervention \u00e0 Aix-en-Provence au temple ERF de la rue Villars, le 8 juin 1999, par Eli Agbobli, p.&nbsp;5-6.<\/p>\n\n\n\n<p><a href=\"#_ftnref2\" id=\"_ftn2\">[2]<\/a> NDLR&nbsp;: Dans ces pays tropicaux, les nuits sont aussi longues que les jours. Le soleil se l\u00e8ve \u00e0 6 heures et se couche \u00e0 18&nbsp;heures.<\/p>\n","protected":false},"excerpt":{"rendered":"<p>Dominique de Pury, n\u00e9e le 20 avril 1933, en vivant au Togo pr\u00e8s de 40 ans, depuis 1961, dans ce pays tout juste ind\u00e9pendant, puis en effectuant des allers-retours entre la France et le Togo jusqu\u2019au d\u00e9c\u00e8s de son amie \u00c9li Agbobli en 2021, avait toutes les qualit\u00e9s requises pour cr\u00e9er des jardins d&#8217;enfants puis [&hellip;]<\/p>\n","protected":false},"author":1,"featured_media":0,"parent":0,"menu_order":0,"comment_status":"closed","ping_status":"closed","template":"","meta":{"footnotes":""},"class_list":["post-121","page","type-page","status-publish","hentry"],"_links":{"self":[{"href":"https:\/\/afprot.org\/index.php\/wp-json\/wp\/v2\/pages\/121","targetHints":{"allow":["GET"]}}],"collection":[{"href":"https:\/\/afprot.org\/index.php\/wp-json\/wp\/v2\/pages"}],"about":[{"href":"https:\/\/afprot.org\/index.php\/wp-json\/wp\/v2\/types\/page"}],"author":[{"embeddable":true,"href":"https:\/\/afprot.org\/index.php\/wp-json\/wp\/v2\/users\/1"}],"replies":[{"embeddable":true,"href":"https:\/\/afprot.org\/index.php\/wp-json\/wp\/v2\/comments?post=121"}],"version-history":[{"count":4,"href":"https:\/\/afprot.org\/index.php\/wp-json\/wp\/v2\/pages\/121\/revisions"}],"predecessor-version":[{"id":125,"href":"https:\/\/afprot.org\/index.php\/wp-json\/wp\/v2\/pages\/121\/revisions\/125"}],"wp:attachment":[{"href":"https:\/\/afprot.org\/index.php\/wp-json\/wp\/v2\/media?parent=121"}],"curies":[{"name":"wp","href":"https:\/\/api.w.org\/{rel}","templated":true}]}}