{"id":117,"date":"2025-09-26T12:51:22","date_gmt":"2025-09-26T12:51:22","guid":{"rendered":"https:\/\/afprot.org\/?page_id=117"},"modified":"2025-09-27T09:41:17","modified_gmt":"2025-09-27T09:41:17","slug":"les-debuts-du-projet","status":"publish","type":"page","link":"https:\/\/afprot.org\/index.php\/les-debuts-du-projet\/","title":{"rendered":"Les d\u00e9buts du projet"},"content":{"rendered":"\n<div class=\"wp-block-media-text is-stacked-on-mobile\"><figure class=\"wp-block-media-text__media\"><img loading=\"lazy\" decoding=\"async\" width=\"1024\" height=\"768\" src=\"http:\/\/afprot.org\/wp-content\/uploads\/2025\/09\/Gene0401Copier-1024x768.jpg\" alt=\"\" class=\"wp-image-61 size-full\" srcset=\"https:\/\/afprot.org\/wp-content\/uploads\/2025\/09\/Gene0401Copier-1024x768.jpg 1024w, https:\/\/afprot.org\/wp-content\/uploads\/2025\/09\/Gene0401Copier-300x225.jpg 300w, https:\/\/afprot.org\/wp-content\/uploads\/2025\/09\/Gene0401Copier-768x576.jpg 768w, https:\/\/afprot.org\/wp-content\/uploads\/2025\/09\/Gene0401Copier.jpg 1200w\" sizes=\"auto, (max-width: 1024px) 100vw, 1024px\" \/><\/figure><div class=\"wp-block-media-text__content\">\n<p>D\u00e8s 1998, une association de femmes, l\u2019AFPROT (Association des femmes pour la promotion des produits du terroir togolais), a \u00e9t\u00e9 fond\u00e9e. <\/p>\n<\/div><\/div>\n\n\n\n<p>Comme le fait une association loi 1901 en France, l\u2019association s\u2019inscrit dans le cadre juridique togolais. L\u2019id\u00e9e est d\u2019apporter des compl\u00e9ments de revenus aux femmes. Elles conditionnent des produits confectionn\u00e9s par elles-m\u00eames \u2013 nougat d\u2019arachides, noix de cajou, noix de coco grill\u00e9e\u2026 \u2013, ou encore en mettant en sachet une verveine aromatique qu\u2019on trouve en abondance sur les plateaux de Danyi \u2013 avoudati\u00a0: la plante qui met la paix entre la maladie et l\u2019homme \u2013 et quelques autres comme la citronnelle. L\u2019esprit du commerce \u00e9quitable oriente la pratique de l\u2019association. Elles diffusent \u00e9galement leur fabrication dans les march\u00e9s locaux. Gr\u00e2ce \u00e0 des dons, elles ont pu acheter un terrain et construire un magasin et des chambres qu\u2019elles louent. Dominique de Pury a su mobiliser l\u2019Entraide protestante d\u2019Aix-en-Provence\u00a0: la r\u00e9ception des colis et les ventes sont r\u00e9alis\u00e9es par des b\u00e9n\u00e9voles au profit de l\u2019AFPROT, notamment dans une Biocoop mais aussi dans la paroisse, permettant ainsi \u00e0 une dizaine de familles d\u2019avoir des compl\u00e9ments de revenus.<\/p>\n","protected":false},"excerpt":{"rendered":"<p>D\u00e8s 1998, une association de femmes, l\u2019AFPROT (Association des femmes pour la promotion des produits du terroir togolais), a \u00e9t\u00e9 fond\u00e9e. Comme le fait une association loi 1901 en France, l\u2019association s\u2019inscrit dans le cadre juridique togolais. L\u2019id\u00e9e est d\u2019apporter des compl\u00e9ments de revenus aux femmes. Elles conditionnent des produits confectionn\u00e9s par elles-m\u00eames \u2013 nougat [&hellip;]<\/p>\n","protected":false},"author":1,"featured_media":0,"parent":0,"menu_order":0,"comment_status":"closed","ping_status":"closed","template":"","meta":{"footnotes":""},"class_list":["post-117","page","type-page","status-publish","hentry"],"_links":{"self":[{"href":"https:\/\/afprot.org\/index.php\/wp-json\/wp\/v2\/pages\/117","targetHints":{"allow":["GET"]}}],"collection":[{"href":"https:\/\/afprot.org\/index.php\/wp-json\/wp\/v2\/pages"}],"about":[{"href":"https:\/\/afprot.org\/index.php\/wp-json\/wp\/v2\/types\/page"}],"author":[{"embeddable":true,"href":"https:\/\/afprot.org\/index.php\/wp-json\/wp\/v2\/users\/1"}],"replies":[{"embeddable":true,"href":"https:\/\/afprot.org\/index.php\/wp-json\/wp\/v2\/comments?post=117"}],"version-history":[{"count":3,"href":"https:\/\/afprot.org\/index.php\/wp-json\/wp\/v2\/pages\/117\/revisions"}],"predecessor-version":[{"id":173,"href":"https:\/\/afprot.org\/index.php\/wp-json\/wp\/v2\/pages\/117\/revisions\/173"}],"wp:attachment":[{"href":"https:\/\/afprot.org\/index.php\/wp-json\/wp\/v2\/media?parent=117"}],"curies":[{"name":"wp","href":"https:\/\/api.w.org\/{rel}","templated":true}]}}